{"id":1260,"date":"2025-05-15T22:50:51","date_gmt":"2025-05-15T19:50:51","guid":{"rendered":"https:\/\/watersea.com.tr\/?post_type=product&#038;p=1260"},"modified":"2025-05-15T22:51:20","modified_gmt":"2025-05-15T19:51:20","slug":"6a-wp-standli-manometreli-pompali","status":"publish","type":"product","link":"https:\/\/watersea.com.tr\/index.php\/urun\/6a-wp-standli-manometreli-pompali\/","title":{"rendered":"6A-WP, STANDLI, MANOMETREL\u0130 POMPALI"},"content":{"rendered":"<div id=\"detailCarousel\" class=\"carousel slide\">\n<div class=\"col-xs-12 col-lg-8\">\n<div class=\"tab-content\">\n<div id=\"home\" class=\"tab-pane fade in active\">\n<h3>AQUAB\u0130R<\/h3>\n<p>6A-WP,\u00a0STANDLI, MANOMETREL\u0130 POMPALI<\/p>\n<p>&nbsp;<\/p>\n<p><sup>\u2022 10&#8243; \u015eeffaf G\u00f6vde (\u00c7ift O-Ring, NSF Komponent)<\/sup><br \/>\n<sup>\u2022 10&#8243; Beyaz Mat G\u00f6vde (\u00c7ift O-Ring, NSF Komponent)<\/sup><br \/>\n<sup>\u2022 10&#8243; 5 Mikron B\u00fck\u00fclm\u00fc\u015f (Sediment) Filtre<\/sup><br \/>\n<sup>\u2022 10&#8243; GAC Karbon Kartu\u015f Filtre (UDF)<\/sup><br \/>\n<sup>\u2022 10&#8243; Blok Karbon Kartu\u015f Filtre (CTO)<\/sup><br \/>\n<sup>\u2022 10&#8243; Inline Coconat Post Karbon Filtre<\/sup><br \/>\n<sup>\u2022 10&#8243; Inline Mineral Filtre<\/sup><br \/>\n<sup>\u2022 75GPD \/ 80GPD Membran<\/sup><br \/>\n<sup>\u2022 3.2 Galon Metal Bas\u0131n\u00e7 Denge Tank\u0131<\/sup><br \/>\n<sup>\u2022 L\u00fcks K\u00fc\u00e7\u00fck Musluk<\/sup><br \/>\n<sup>\u2022 Kapatma Valfi<\/sup><br \/>\n<sup>\u2022 Manometre (0-10 Bar)<\/sup><br \/>\n<sup>\u2022 24V Pompa<\/sup><br \/>\n<sup>\u2022 24V1,2AAdapt\u00f6r<\/sup><br \/>\n<sup>\u2022 60 PSI Bas\u0131n\u00e7 D\u00fc\u015f\u00fcr\u00fcc\u00fc<\/sup><\/p>\n<p>&nbsp;<\/p>\n<\/div>\n<\/div>\n<\/div>\n<\/div>\n<div class=\"col-md-4\"><\/div>\n","protected":false},"excerpt":{"rendered":"<p>6A-WP,\u00a0STANDLI, MANOMETREL\u0130 POMPALI<\/p>\n<p>&nbsp;<\/p>\n<p><sup>\u2022 10&#8243; \u015eeffaf G\u00f6vde (\u00c7ift O-Ring, NSF Komponent)<\/sup><br \/>\n<sup>\u2022 10&#8243; Beyaz Mat G\u00f6vde (\u00c7ift O-Ring, NSF Komponent)<\/sup><br \/>\n<sup>\u2022 10&#8243; 5 Mikron B\u00fck\u00fclm\u00fc\u015f (Sediment) Filtre<\/sup><br \/>\n<sup>\u2022 10&#8243; GAC Karbon Kartu\u015f Filtre (UDF)<\/sup><br \/>\n<sup>\u2022 10&#8243; Blok Karbon Kartu\u015f Filtre (CTO)<\/sup><br \/>\n<sup>\u2022 10&#8243; Inline Coconat Post Karbon Filtre<\/sup><br \/>\n<sup>\u2022 10&#8243; Inline Mineral Filtre<\/sup><br \/>\n<sup>\u2022 75GPD \/ 80GPD Membran<\/sup><br \/>\n<sup>\u2022 3.2 Galon Metal Bas\u0131n\u00e7 Denge Tank\u0131<\/sup><br \/>\n<sup>\u2022 L\u00fcks K\u00fc\u00e7\u00fck Musluk<\/sup><br \/>\n<sup>\u2022 Kapatma Valfi<\/sup><br \/>\n<sup>\u2022 Manometre (0-10 Bar)<\/sup><br \/>\n<sup>\u2022 24V Pompa<\/sup><br \/>\n<sup>\u2022 24V1,2AAdapt\u00f6r<\/sup><br \/>\n<sup>\u2022 60 PSI Bas\u0131n\u00e7 D\u00fc\u015f\u00fcr\u00fcc\u00fc<\/sup><\/p>\n","protected":false},"featured_media":1261,"comment_status":"open","ping_status":"closed","template":"","meta":{"_joinchat":[]},"product_brand":[109],"product_cat":[26,27,17],"product_tag":[110],"class_list":{"0":"post-1260","1":"product","2":"type-product","3":"status-publish","4":"has-post-thumbnail","6":"product_brand-watersea","7":"product_cat-endustriyel","8":"product_cat-evsel","9":"product_cat-genel","10":"product_tag-watersea-direk-akis-aritma","12":"first","13":"instock","14":"taxable","15":"shipping-taxable","16":"product-type-simple","17":"add-to-wishlist-after_add_to_cart"},"aioseo_notices":[],"_links":{"self":[{"href":"https:\/\/watersea.com.tr\/index.php\/wp-json\/wp\/v2\/product\/1260","targetHints":{"allow":["GET"]}}],"collection":[{"href":"https:\/\/watersea.com.tr\/index.php\/wp-json\/wp\/v2\/product"}],"about":[{"href":"https:\/\/watersea.com.tr\/index.php\/wp-json\/wp\/v2\/types\/product"}],"replies":[{"embeddable":true,"href":"https:\/\/watersea.com.tr\/index.php\/wp-json\/wp\/v2\/comments?post=1260"}],"wp:featuredmedia":[{"embeddable":true,"href":"https:\/\/watersea.com.tr\/index.php\/wp-json\/wp\/v2\/media\/1261"}],"wp:attachment":[{"href":"https:\/\/watersea.com.tr\/index.php\/wp-json\/wp\/v2\/media?parent=1260"}],"wp:term":[{"taxonomy":"product_brand","embeddable":true,"href":"https:\/\/watersea.com.tr\/index.php\/wp-json\/wp\/v2\/product_brand?post=1260"},{"taxonomy":"product_cat","embeddable":true,"href":"https:\/\/watersea.com.tr\/index.php\/wp-json\/wp\/v2\/product_cat?post=1260"},{"taxonomy":"product_tag","embeddable":true,"href":"https:\/\/watersea.com.tr\/index.php\/wp-json\/wp\/v2\/product_tag?post=1260"}],"curies":[{"name":"wp","href":"https:\/\/api.w.org\/{rel}","templated":true}]}}