{"id":1751,"date":"2025-10-13T10:23:34","date_gmt":"2025-10-13T07:23:34","guid":{"rendered":"https:\/\/watersea.com.tr\/?post_type=product&#038;p=1751"},"modified":"2025-10-13T10:23:34","modified_gmt":"2025-10-13T07:23:34","slug":"purefer-12-inline-5li-filtre-seti-nsf-sertifikali-taiwan-mensei","status":"publish","type":"product","link":"https:\/\/watersea.com.tr\/index.php\/urun\/purefer-12-inline-5li-filtre-seti-nsf-sertifikali-taiwan-mensei\/","title":{"rendered":"Purefer 12&#8221; Inline 5&#8217;li Filtre Seti NSF sertifikal\u0131 TA\u0130WAN MEN\u015eE\u0130"},"content":{"rendered":"<p>Purefer 12&#8221; \u0130nline 5&#8217;li Filtre Seti NSF sertifikal\u0131 TA\u0130WAN MEN\u015eE\u0130<\/p>\n<p>&nbsp;<\/p>\n<p><b>Standart 75 Galon Kapal\u0131 Su Ar\u0131tma Cihazlar\u0131n\u0131n T\u00fcm\u00fcne Uygundur<\/b><\/p>\n<p>&nbsp;<\/p>\n<p><b>T\u00fcm \u00d6nemli Uluslararas\u0131 Sertifikalara Sahiptir<\/b><\/p>\n<p>Sertifikas\u0131z \u00dcr\u00fcn Kullanarak Sa\u011fl\u0131\u011f\u0131n\u0131z\u0131 Tehlikeye Atmay\u0131n!<\/p>\n<p>&nbsp;<\/p>\n<p>&nbsp;<\/p>\n<p><b>Paket \u0130\u00e7eri\u011fi<\/b><\/p>\n<p>1 adet \u00a0\u00a0\u00a0\u00a0\u00a0\u00a0\u00a0\u00a0 12&#8243; INCH Inline 5 Mikron PP Sediment Filtre<\/p>\n<p>1 adet\u00a0\u00a0\u00a0\u00a0\u00a0\u00a0\u00a0\u00a0\u00a0 12&#8243; INCH Inline GAC Karbon Filtre<\/p>\n<p>1 adet\u00a0\u00a0\u00a0\u00a0\u00a0\u00a0\u00a0\u00a0\u00a0 12&#8243; INCH Inline GAC 2&#8217;in1 Blok Karbon Filtre<\/p>\n<p>1 adet\u00a0\u00a0\u00a0\u00a0\u00a0\u00a0\u00a0\u00a0\u00a0 10&#8243; INCH Inline Post Karbon Tatland\u0131r\u0131c\u0131 Filtre<\/p>\n<p>1 adet\u00a0\u00a0\u00a0\u00a0\u00a0\u00a0\u00a0\u00a0\u00a0 75 GPD GWS Membran Filtre<\/p>\n","protected":false},"excerpt":{"rendered":"<p>Purefer 12&#8221; Inline 5&#8217;li Filtre Seti NSF sertifikal\u0131 TA\u0130WAN MEN\u015eE\u0130<\/p>\n<p>&nbsp;<\/p>\n<p><b>Standart 75 Galon Kapal\u0131 Su Ar\u0131tma Cihazlar\u0131n\u0131n T\u00fcm\u00fcne Uygundur<\/b><\/p>\n<p>&nbsp;<\/p>\n<p><b>T\u00fcm \u00d6nemli Uluslararas\u0131 Sertifikalara Sahiptir<\/b><\/p>\n<p>Sertifikas\u0131z \u00dcr\u00fcn Kullanarak Sa\u011fl\u0131\u011f\u0131n\u0131z\u0131 Tehlikeye Atmay\u0131n!<\/p>\n<p>&nbsp;<\/p>\n<p>&nbsp;<\/p>\n<p><b>Paket \u0130\u00e7eri\u011fi<\/b><\/p>\n<p>1 adet \u00a0\u00a0\u00a0\u00a0\u00a0\u00a0\u00a0\u00a0 12&#8243; INCH Inline 5 Mikron PP Sediment Filtre<\/p>\n<p>1 adet\u00a0\u00a0\u00a0\u00a0\u00a0\u00a0\u00a0\u00a0\u00a0 12&#8243; INCH Inline GAC Karbon Filtre<\/p>\n<p>1 adet\u00a0\u00a0\u00a0\u00a0\u00a0\u00a0\u00a0\u00a0\u00a0 12&#8243; INCH Inline GAC 2&#8217;in1 Blok Karbon Filtre<\/p>\n<p>1 adet\u00a0\u00a0\u00a0\u00a0\u00a0\u00a0\u00a0\u00a0\u00a0 10&#8243; INCH Inline Post Karbon Tatland\u0131r\u0131c\u0131 Filtre<\/p>\n<p>1 adet\u00a0\u00a0\u00a0\u00a0\u00a0\u00a0\u00a0\u00a0\u00a0 75 GPD GWS Membran Filtre<\/p>\n","protected":false},"featured_media":1755,"comment_status":"open","ping_status":"closed","template":"","meta":{"_joinchat":[]},"product_brand":[157],"product_cat":[27,17],"product_tag":[],"class_list":{"0":"post-1751","1":"product","2":"type-product","3":"status-publish","4":"has-post-thumbnail","6":"product_brand-purefer","7":"product_cat-evsel","8":"product_cat-genel","10":"first","11":"instock","12":"sale","13":"taxable","14":"shipping-taxable","15":"purchasable","16":"product-type-simple","17":"add-to-wishlist-after_add_to_cart"},"aioseo_notices":[],"_links":{"self":[{"href":"https:\/\/watersea.com.tr\/index.php\/wp-json\/wp\/v2\/product\/1751","targetHints":{"allow":["GET"]}}],"collection":[{"href":"https:\/\/watersea.com.tr\/index.php\/wp-json\/wp\/v2\/product"}],"about":[{"href":"https:\/\/watersea.com.tr\/index.php\/wp-json\/wp\/v2\/types\/product"}],"replies":[{"embeddable":true,"href":"https:\/\/watersea.com.tr\/index.php\/wp-json\/wp\/v2\/comments?post=1751"}],"wp:featuredmedia":[{"embeddable":true,"href":"https:\/\/watersea.com.tr\/index.php\/wp-json\/wp\/v2\/media\/1755"}],"wp:attachment":[{"href":"https:\/\/watersea.com.tr\/index.php\/wp-json\/wp\/v2\/media?parent=1751"}],"wp:term":[{"taxonomy":"product_brand","embeddable":true,"href":"https:\/\/watersea.com.tr\/index.php\/wp-json\/wp\/v2\/product_brand?post=1751"},{"taxonomy":"product_cat","embeddable":true,"href":"https:\/\/watersea.com.tr\/index.php\/wp-json\/wp\/v2\/product_cat?post=1751"},{"taxonomy":"product_tag","embeddable":true,"href":"https:\/\/watersea.com.tr\/index.php\/wp-json\/wp\/v2\/product_tag?post=1751"}],"curies":[{"name":"wp","href":"https:\/\/api.w.org\/{rel}","templated":true}]}}