{"id":2027,"date":"2026-04-23T17:04:21","date_gmt":"2026-04-23T14:04:21","guid":{"rendered":"https:\/\/watersea.com.tr\/?post_type=product&#038;p=2027"},"modified":"2026-04-23T17:04:56","modified_gmt":"2026-04-23T14:04:56","slug":"acik-alan-tekli-316-paslanmaz-celik-su-sebili","status":"publish","type":"product","link":"https:\/\/watersea.com.tr\/index.php\/urun\/acik-alan-tekli-316-paslanmaz-celik-su-sebili\/","title":{"rendered":"A\u00c7IK ALAN TEKL\u0130 316 Paslanmaz \u00c7elik Su Sebil\u0130"},"content":{"rendered":"<h1>Dayan\u0131kl\u0131 ve Estetik 316 Paslanmaz \u00c7elik Su Sebilleri<\/h1>\n<p>&nbsp;<\/p>\n<p class=\"\" data-start=\"860\" data-end=\"1161\">Paslanmaz \u00e7elik, \u00f6zellikle a\u00e7\u0131k alanlar i\u00e7in ideal bir malzeme olup, su sebillerimizin uzun y\u0131llar boyunca dayan\u0131kl\u0131 olmas\u0131n\u0131 sa\u011flar. Paslanmaz \u00e7elik a\u00e7\u0131k alan su sebilleri, parklar, bah\u00e7eler, a\u00e7\u0131k spor alanlar\u0131, oteller ve \u00fcniversite kamp\u00fcsleri gibi her t\u00fcrl\u00fc kamu alan\u0131nda rahatl\u0131kla kullan\u0131labilir.<\/p>\n<ul data-start=\"1163\" data-end=\"1510\">\n<li class=\"\" data-start=\"1163\" data-end=\"1307\">\n<p class=\"\" data-start=\"1165\" data-end=\"1307\"><strong data-start=\"1165\" data-end=\"1189\">Y\u00fcksek Dayan\u0131kl\u0131l\u0131k:<\/strong>\u00a0316 paslanmaz \u00e7elik, tuzlu hava ve nemli ortamlar gibi zorlu d\u0131\u015f mekan ko\u015fullar\u0131na kar\u015f\u0131 \u00fcst\u00fcn dayan\u0131kl\u0131l\u0131k g\u00f6sterir.<\/p>\n<\/li>\n<li class=\"\" data-start=\"1308\" data-end=\"1397\">\n<p class=\"\" data-start=\"1310\" data-end=\"1397\"><strong data-start=\"1310\" data-end=\"1329\">Modern Tasar\u0131m:<\/strong>\u00a0F\u00fct\u00fcristik tasar\u0131mlar\u0131yla estetik a\u00e7\u0131dan da her mekana uyum sa\u011flar.<\/p>\n<\/li>\n<li class=\"\" data-start=\"1398\" data-end=\"1510\">\n<p class=\"\" data-start=\"1400\" data-end=\"1510\"><strong data-start=\"1400\" data-end=\"1428\">Kolay Temizlik ve Bak\u0131m:<\/strong>\u00a0Paslanmaz \u00e7elik y\u00fczey, kolayca temizlenebilir ve bak\u0131m gereksinimleri minimumdur.<\/p>\n<\/li>\n<\/ul>\n<p>&nbsp;<\/p>\n<h1>Paslanmaz \u00c7elik A\u00e7\u0131k Alan Su Sebilleri ile Estetik ve Fonksiyonellik Bir Arada<\/h1>\n<p>&nbsp;<\/p>\n<p>WATERSEA , a\u00e7\u0131k alanlarda kullanabilece\u011finiz modern ve fonksiyonel su sebilleri sunuyor. Bu sistemler, yaln\u0131zca su temini sa\u011flamakla kalmaz, ayn\u0131 zamanda \u00e7evreye duyarl\u0131 tasar\u0131m\u0131yla da \u00f6ne \u00e7\u0131kar. Kamu alanlar\u0131nda estetik bir \u00e7\u00f6z\u00fcm sunan paslanmaz \u00e7elik sebiller, kullan\u0131c\u0131lar\u0131n suya kolay eri\u015fimini sa\u011flar.<\/p>\n","protected":false},"excerpt":{"rendered":"<p>Dayan\u0131kl\u0131 ve Estetik 316 Paslanmaz \u00c7elik Su Sebilleri &nbsp; Paslanmaz \u00e7elik, \u00f6zellikle a\u00e7\u0131k alanlar i\u00e7in ideal bir malzeme olup, su sebillerimizin uzun y\u0131llar boyunca dayan\u0131kl\u0131 olmas\u0131n\u0131 sa\u011flar. Paslanmaz \u00e7elik a\u00e7\u0131k alan su sebilleri, parklar, bah\u00e7eler, a\u00e7\u0131k spor alanlar\u0131, oteller ve \u00fcniversite kamp\u00fcsleri gibi her t\u00fcrl\u00fc kamu alan\u0131nda rahatl\u0131kla kullan\u0131labilir. Y\u00fcksek Dayan\u0131kl\u0131l\u0131k:\u00a0316 paslanmaz \u00e7elik, tuzlu hava [&hellip;]<\/p>\n","protected":false},"featured_media":1949,"comment_status":"open","ping_status":"closed","template":"","meta":{"_joinchat":[]},"product_brand":[],"product_cat":[17,19,29],"product_tag":[],"class_list":{"0":"post-2027","1":"product","2":"type-product","3":"status-publish","4":"has-post-thumbnail","6":"product_cat-genel","7":"product_cat-aritmali-sebil","8":"product_cat-aritmali-sebil-2","10":"first","11":"instock","12":"taxable","13":"shipping-taxable","14":"product-type-simple","15":"add-to-wishlist-after_add_to_cart"},"aioseo_notices":[],"_links":{"self":[{"href":"https:\/\/watersea.com.tr\/index.php\/wp-json\/wp\/v2\/product\/2027","targetHints":{"allow":["GET"]}}],"collection":[{"href":"https:\/\/watersea.com.tr\/index.php\/wp-json\/wp\/v2\/product"}],"about":[{"href":"https:\/\/watersea.com.tr\/index.php\/wp-json\/wp\/v2\/types\/product"}],"replies":[{"embeddable":true,"href":"https:\/\/watersea.com.tr\/index.php\/wp-json\/wp\/v2\/comments?post=2027"}],"wp:featuredmedia":[{"embeddable":true,"href":"https:\/\/watersea.com.tr\/index.php\/wp-json\/wp\/v2\/media\/1949"}],"wp:attachment":[{"href":"https:\/\/watersea.com.tr\/index.php\/wp-json\/wp\/v2\/media?parent=2027"}],"wp:term":[{"taxonomy":"product_brand","embeddable":true,"href":"https:\/\/watersea.com.tr\/index.php\/wp-json\/wp\/v2\/product_brand?post=2027"},{"taxonomy":"product_cat","embeddable":true,"href":"https:\/\/watersea.com.tr\/index.php\/wp-json\/wp\/v2\/product_cat?post=2027"},{"taxonomy":"product_tag","embeddable":true,"href":"https:\/\/watersea.com.tr\/index.php\/wp-json\/wp\/v2\/product_tag?post=2027"}],"curies":[{"name":"wp","href":"https:\/\/api.w.org\/{rel}","templated":true}]}}